{"id":1384,"date":"2023-12-14T16:23:06","date_gmt":"2023-12-14T15:23:06","guid":{"rendered":"https:\/\/ilbrunello.ch\/mentions-legales\/"},"modified":"2023-12-14T21:05:13","modified_gmt":"2023-12-14T20:05:13","slug":"mentions-legales","status":"publish","type":"page","link":"https:\/\/ilbrunello.ch\/fr\/mentions-legales\/","title":{"rendered":"Mentions l\u00e9gales"},"content":{"rendered":"\t\t<div data-elementor-type=\"wp-page\" data-elementor-id=\"1384\" class=\"elementor elementor-1384 elementor-1216\" data-elementor-post-type=\"page\">\n\t\t\t\t\t\t<section class=\"elementor-section elementor-top-section elementor-element elementor-element-489bba4 elementor-section-boxed elementor-section-height-default elementor-section-height-default\" data-id=\"489bba4\" data-element_type=\"section\" data-e-type=\"section\" data-settings=\"{&quot;jet_parallax_layout_list&quot;:[]}\">\n\t\t\t\t\t\t<div class=\"elementor-container elementor-column-gap-default\">\n\t\t\t\t\t<div class=\"elementor-column elementor-col-100 elementor-top-column elementor-element elementor-element-0ad6cc8\" data-id=\"0ad6cc8\" data-element_type=\"column\" data-e-type=\"column\">\n\t\t\t<div class=\"elementor-widget-wrap elementor-element-populated\">\n\t\t\t\t\t\t<div class=\"elementor-element elementor-element-09abef5 de_scroll_animation_no elementor-widget elementor-widget-text-editor\" data-id=\"09abef5\" data-element_type=\"widget\" data-e-type=\"widget\" data-widget_type=\"text-editor.default\">\n\t\t\t\t<div class=\"elementor-widget-container\">\n\t\t\t\t\t\t\t\t\t<h4>Adresse de contact<\/h4>\n<p>Ristorante il Brunello AG<br \/>Rue de Berne 1<br \/>3122 Kehrsatz<br \/><span style=\"color: var( --e-global-color-text ); font-family: var( --e-global-typography-primary-font-family ), Sans-serif; font-size: var( --e-global-typography-primary-font-size ); font-style: var( --e-global-typography-primary-font-style ); font-weight: var( --e-global-typography-primary-font-weight );\">Suisse<br \/><\/span><span style=\"color: var( --e-global-color-text ); font-family: var( --e-global-typography-primary-font-family ), Sans-serif; font-size: var( --e-global-typography-primary-font-size ); font-style: var( --e-global-typography-primary-font-style ); font-weight: var( --e-global-typography-primary-font-weight );\">T\u00e9l : 031 961 02 04<br \/><\/span><span style=\"color: var( --e-global-color-text ); font-family: var( --e-global-typography-primary-font-family ), Sans-serif; font-size: var( --e-global-typography-primary-font-size ); font-style: var( --e-global-typography-primary-font-style ); font-weight: var( --e-global-typography-primary-font-weight );\">Web : www.ilbrunello.ch<\/span><\/p>\n<h4>Contact technique<\/h4>\n<p>Webtrics<br \/><a href=\"mailto:info@webtrics.ch\" target=\"_blank\" rel=\"noopener noreferrer\">info@webtrics.ch<br \/><\/a><a href=\"http:\/\/www.webtrics.ch\/\" target=\"_blank\" rel=\"noopener noreferrer\">www.webtrics.ch<\/a><\/p>\n<h4>Personnes autoris\u00e9es \u00e0 repr\u00e9senter l&rsquo;association<\/h4>\n<p>Besim Yusufi<\/p>\n<h4>Inscription au registre du commerce<\/h4>\n<p>Nom de l&rsquo;entreprise enregistr\u00e9e : Ristorante Il Brunello AG<br \/>Num\u00e9ro : CH-036.3.090.004-8<br \/>Office du registre du commerce : Berne<\/p>\n<h4>Num\u00e9ro de TVA<\/h4>\n<p>CHE-156.054.681<\/p>\n<h4>Clause de non-responsabilit\u00e9<\/h4>\n<p>L&rsquo;auteur n&rsquo;assume aucune responsabilit\u00e9 quant \u00e0 la v\u00e9racit\u00e9, l&rsquo;exactitude, l&rsquo;actualit\u00e9, la fiabilit\u00e9 et l&rsquo;exhaustivit\u00e9 du contenu des informations.<\/p>\n<p>L&rsquo;auteur ne saurait \u00eatre tenu pour responsable des dommages mat\u00e9riels ou immat\u00e9riels qui pourraient \u00eatre caus\u00e9s par l&rsquo;acc\u00e8s aux informations diffus\u00e9es ou par leur utilisation ou non-utilisation, par le mauvais usage de la connexion ou par des probl\u00e8mes techniques.<\/p>\n<p>Toutes les offres sont sans engagement. L&rsquo;auteur se r\u00e9serve express\u00e9ment le droit de modifier, de compl\u00e9ter ou de supprimer des parties de pages ou l&rsquo;ensemble de l&rsquo;offre sans avis pr\u00e9alable, ou d&rsquo;en suspendre temporairement ou d\u00e9finitivement la publication.<\/p>\n<h4>Responsabilit\u00e9 pour les liens<\/h4>\n<p>Les renvois et liens vers des sites web de tiers ne rel\u00e8vent pas de notre responsabilit\u00e9. Nous d\u00e9clinons toute responsabilit\u00e9 pour de tels sites web. L&rsquo;acc\u00e8s \u00e0 de tels sites et leur utilisation se font aux risques et p\u00e9rils de l&rsquo;utilisateur ou de l&rsquo;utilisatrice.<\/p>\n<h4>Droits d&rsquo;auteur<\/h4>\n<p>Les droits d&rsquo;auteur et tous les autres droits li\u00e9s aux contenus, images, photos ou autres fichiers pr\u00e9sents sur le site Internet appartiennent exclusivement <strong>\u00e0 l&rsquo;entreprise Ristorante Il Brunello AG<\/strong> ou aux titulaires de droits sp\u00e9cialement cit\u00e9s. Pour la reproduction de tout \u00e9l\u00e9ment, l&rsquo;accord \u00e9crit des d\u00e9tenteurs des droits d&rsquo;auteur doit \u00eatre obtenu au pr\u00e9alable.<\/p>\n<h4>Protection des donn\u00e9es<\/h4>\n<p>En vertu de l&rsquo;article 13 de la Constitution f\u00e9d\u00e9rale suisse et des dispositions f\u00e9d\u00e9rales relatives \u00e0 la protection des donn\u00e9es (loi sur la protection des donn\u00e9es, LPD), toute personne a droit \u00e0 la protection de sa sph\u00e8re priv\u00e9e ainsi qu&rsquo;\u00e0 la protection contre l&#8217;emploi abusif de ses donn\u00e9es personnelles. Nous respectons ces dispositions. Les donn\u00e9es personnelles sont trait\u00e9es de mani\u00e8re strictement confidentielle et ne sont ni vendues ni transmises \u00e0 des tiers.<\/p>\n<p>En \u00e9troite collaboration avec nos h\u00e9bergeurs, nous nous effor\u00e7ons de prot\u00e9ger autant que possible les bases de donn\u00e9es contre les acc\u00e8s \u00e9trangers, les pertes, les abus ou les falsifications.<\/p>\n<p>Lors de l&rsquo;acc\u00e8s \u00e0 nos pages web, les donn\u00e9es suivantes sont enregistr\u00e9es dans des fichiers journaux : Adresse IP, date, heure, requ\u00eate du navigateur et donn\u00e9es g\u00e9n\u00e9rales. les informations transmises sur le syst\u00e8me d&rsquo;exploitation ou le site web Navigateur. Ces donn\u00e9es d&rsquo;utilisation constituent la base d&rsquo;\u00e9valuations statistiques anonymes, ce qui permet de d\u00e9gager des tendances sur la base desquelles nous pouvons am\u00e9liorer nos offres en cons\u00e9quence.<\/p>\n\t\t\t\t\t\t\t\t<\/div>\n\t\t\t\t<\/div>\n\t\t\t\t\t<\/div>\n\t\t<\/div>\n\t\t\t\t\t<\/div>\n\t\t<\/section>\n\t\t\t\t<\/div>\n\t\t","protected":false},"excerpt":{"rendered":"<p>Adresse de contact Ristorante il Brunello AGRue de Berne 13122 KehrsatzSuisseT\u00e9l : 031 961 02 04Web : www.ilbrunello.ch Contact technique Webtricsinfo@webtrics.chwww.webtrics.ch Personnes autoris\u00e9es \u00e0 repr\u00e9senter l&rsquo;association Besim Yusufi Inscription au registre du commerce Nom de l&rsquo;entreprise enregistr\u00e9e : Ristorante Il Brunello AGNum\u00e9ro : CH-036.3.090.004-8Office du registre du commerce : Berne Num\u00e9ro de TVA CHE-156.054.681 Clause [&hellip;]<\/p>\n","protected":false},"author":1,"featured_media":0,"parent":0,"menu_order":9,"comment_status":"closed","ping_status":"closed","template":"","meta":{"footnotes":""},"class_list":["post-1384","page","type-page","status-publish","hentry"],"yoast_head":"<!-- This site is optimized with the Yoast SEO plugin v27.2 - https:\/\/yoast.com\/product\/yoast-seo-wordpress\/ -->\n<title>Mentions l\u00e9gales - Il Brunello | Italienisches Restaurant | Kehrsatz | Bern<\/title>\n<meta name=\"robots\" content=\"index, follow, max-snippet:-1, max-image-preview:large, max-video-preview:-1\" \/>\n<link rel=\"canonical\" href=\"https:\/\/ilbrunello.ch\/fr\/mentions-legales\/\" \/>\n<meta property=\"og:locale\" content=\"fr_FR\" \/>\n<meta property=\"og:type\" content=\"article\" \/>\n<meta property=\"og:title\" content=\"Mentions l\u00e9gales - Il Brunello | Italienisches Restaurant | Kehrsatz | Bern\" \/>\n<meta property=\"og:description\" content=\"Adresse de contact Ristorante il Brunello AGRue de Berne 13122 KehrsatzSuisseT\u00e9l : 031 961 02 04Web : www.ilbrunello.ch Contact technique Webtricsinfo@webtrics.chwww.webtrics.ch Personnes autoris\u00e9es \u00e0 repr\u00e9senter l&rsquo;association Besim Yusufi Inscription au registre du commerce Nom de l&rsquo;entreprise enregistr\u00e9e : Ristorante Il Brunello AGNum\u00e9ro : CH-036.3.090.004-8Office du registre du commerce : Berne Num\u00e9ro de TVA CHE-156.054.681 Clause [&hellip;]\" \/>\n<meta property=\"og:url\" content=\"https:\/\/ilbrunello.ch\/fr\/mentions-legales\/\" \/>\n<meta property=\"og:site_name\" content=\"Il Brunello | Italienisches Restaurant | Kehrsatz | Bern\" \/>\n<meta property=\"article:modified_time\" content=\"2023-12-14T20:05:13+00:00\" \/>\n<meta name=\"twitter:card\" content=\"summary_large_image\" \/>\n<meta name=\"twitter:label1\" content=\"Dur\u00e9e de lecture estim\u00e9e\" \/>\n\t<meta name=\"twitter:data1\" content=\"2 minutes\" \/>\n<script type=\"application\/ld+json\" class=\"yoast-schema-graph\">{\"@context\":\"https:\/\/schema.org\",\"@graph\":[{\"@type\":\"WebPage\",\"@id\":\"https:\/\/ilbrunello.ch\/fr\/mentions-legales\/\",\"url\":\"https:\/\/ilbrunello.ch\/fr\/mentions-legales\/\",\"name\":\"Mentions l\u00e9gales - Il Brunello | Italienisches Restaurant | Kehrsatz | Bern\",\"isPartOf\":{\"@id\":\"https:\/\/ilbrunello.ch\/fr\/#website\"},\"datePublished\":\"2023-12-14T15:23:06+00:00\",\"dateModified\":\"2023-12-14T20:05:13+00:00\",\"breadcrumb\":{\"@id\":\"https:\/\/ilbrunello.ch\/fr\/mentions-legales\/#breadcrumb\"},\"inLanguage\":\"fr-FR\",\"potentialAction\":[{\"@type\":\"ReadAction\",\"target\":[\"https:\/\/ilbrunello.ch\/fr\/mentions-legales\/\"]}]},{\"@type\":\"BreadcrumbList\",\"@id\":\"https:\/\/ilbrunello.ch\/fr\/mentions-legales\/#breadcrumb\",\"itemListElement\":[{\"@type\":\"ListItem\",\"position\":1,\"name\":\"Startseite\",\"item\":\"https:\/\/ilbrunello.ch\/fr\/accueil\/\"},{\"@type\":\"ListItem\",\"position\":2,\"name\":\"Mentions l\u00e9gales\"}]},{\"@type\":\"WebSite\",\"@id\":\"https:\/\/ilbrunello.ch\/fr\/#website\",\"url\":\"https:\/\/ilbrunello.ch\/fr\/\",\"name\":\"Il Brunello | Italienisches Restaurant | Kehrsatz | Bern\",\"description\":\"Eine weitere Webtrics Solutions Website\",\"potentialAction\":[{\"@type\":\"SearchAction\",\"target\":{\"@type\":\"EntryPoint\",\"urlTemplate\":\"https:\/\/ilbrunello.ch\/fr\/?s={search_term_string}\"},\"query-input\":{\"@type\":\"PropertyValueSpecification\",\"valueRequired\":true,\"valueName\":\"search_term_string\"}}],\"inLanguage\":\"fr-FR\"}]}<\/script>\n<!-- \/ Yoast SEO plugin. -->","yoast_head_json":{"title":"Mentions l\u00e9gales - Il Brunello | Italienisches Restaurant | Kehrsatz | Bern","robots":{"index":"index","follow":"follow","max-snippet":"max-snippet:-1","max-image-preview":"max-image-preview:large","max-video-preview":"max-video-preview:-1"},"canonical":"https:\/\/ilbrunello.ch\/fr\/mentions-legales\/","og_locale":"fr_FR","og_type":"article","og_title":"Mentions l\u00e9gales - Il Brunello | Italienisches Restaurant | Kehrsatz | Bern","og_description":"Adresse de contact Ristorante il Brunello AGRue de Berne 13122 KehrsatzSuisseT\u00e9l : 031 961 02 04Web : www.ilbrunello.ch Contact technique Webtricsinfo@webtrics.chwww.webtrics.ch Personnes autoris\u00e9es \u00e0 repr\u00e9senter l&rsquo;association Besim Yusufi Inscription au registre du commerce Nom de l&rsquo;entreprise enregistr\u00e9e : Ristorante Il Brunello AGNum\u00e9ro : CH-036.3.090.004-8Office du registre du commerce : Berne Num\u00e9ro de TVA CHE-156.054.681 Clause [&hellip;]","og_url":"https:\/\/ilbrunello.ch\/fr\/mentions-legales\/","og_site_name":"Il Brunello | Italienisches Restaurant | Kehrsatz | Bern","article_modified_time":"2023-12-14T20:05:13+00:00","twitter_card":"summary_large_image","twitter_misc":{"Dur\u00e9e de lecture estim\u00e9e":"2 minutes"},"schema":{"@context":"https:\/\/schema.org","@graph":[{"@type":"WebPage","@id":"https:\/\/ilbrunello.ch\/fr\/mentions-legales\/","url":"https:\/\/ilbrunello.ch\/fr\/mentions-legales\/","name":"Mentions l\u00e9gales - Il Brunello | Italienisches Restaurant | Kehrsatz | Bern","isPartOf":{"@id":"https:\/\/ilbrunello.ch\/fr\/#website"},"datePublished":"2023-12-14T15:23:06+00:00","dateModified":"2023-12-14T20:05:13+00:00","breadcrumb":{"@id":"https:\/\/ilbrunello.ch\/fr\/mentions-legales\/#breadcrumb"},"inLanguage":"fr-FR","potentialAction":[{"@type":"ReadAction","target":["https:\/\/ilbrunello.ch\/fr\/mentions-legales\/"]}]},{"@type":"BreadcrumbList","@id":"https:\/\/ilbrunello.ch\/fr\/mentions-legales\/#breadcrumb","itemListElement":[{"@type":"ListItem","position":1,"name":"Startseite","item":"https:\/\/ilbrunello.ch\/fr\/accueil\/"},{"@type":"ListItem","position":2,"name":"Mentions l\u00e9gales"}]},{"@type":"WebSite","@id":"https:\/\/ilbrunello.ch\/fr\/#website","url":"https:\/\/ilbrunello.ch\/fr\/","name":"Il Brunello | Italienisches Restaurant | Kehrsatz | Bern","description":"Eine weitere Webtrics Solutions Website","potentialAction":[{"@type":"SearchAction","target":{"@type":"EntryPoint","urlTemplate":"https:\/\/ilbrunello.ch\/fr\/?s={search_term_string}"},"query-input":{"@type":"PropertyValueSpecification","valueRequired":true,"valueName":"search_term_string"}}],"inLanguage":"fr-FR"}]}},"_links":{"self":[{"href":"https:\/\/ilbrunello.ch\/fr\/wp-json\/wp\/v2\/pages\/1384","targetHints":{"allow":["GET"]}}],"collection":[{"href":"https:\/\/ilbrunello.ch\/fr\/wp-json\/wp\/v2\/pages"}],"about":[{"href":"https:\/\/ilbrunello.ch\/fr\/wp-json\/wp\/v2\/types\/page"}],"author":[{"embeddable":true,"href":"https:\/\/ilbrunello.ch\/fr\/wp-json\/wp\/v2\/users\/1"}],"replies":[{"embeddable":true,"href":"https:\/\/ilbrunello.ch\/fr\/wp-json\/wp\/v2\/comments?post=1384"}],"version-history":[{"count":2,"href":"https:\/\/ilbrunello.ch\/fr\/wp-json\/wp\/v2\/pages\/1384\/revisions"}],"predecessor-version":[{"id":1456,"href":"https:\/\/ilbrunello.ch\/fr\/wp-json\/wp\/v2\/pages\/1384\/revisions\/1456"}],"wp:attachment":[{"href":"https:\/\/ilbrunello.ch\/fr\/wp-json\/wp\/v2\/media?parent=1384"}],"curies":[{"name":"wp","href":"https:\/\/api.w.org\/{rel}","templated":true}]}}