{"id":1280,"date":"2023-12-14T16:22:34","date_gmt":"2023-12-14T15:22:34","guid":{"rendered":"https:\/\/ilbrunello.ch\/la-cuisine\/"},"modified":"2023-12-14T21:01:44","modified_gmt":"2023-12-14T20:01:44","slug":"la-cuisine","status":"publish","type":"page","link":"https:\/\/ilbrunello.ch\/fr\/la-cuisine\/","title":{"rendered":"La cuisine"},"content":{"rendered":"\t\t<div data-elementor-type=\"wp-page\" data-elementor-id=\"1280\" class=\"elementor elementor-1280 elementor-178\" data-elementor-post-type=\"page\">\n\t\t\t\t\t\t<section class=\"elementor-section elementor-top-section elementor-element elementor-element-14e73eb9 elementor-section-height-min-height elementor-section-boxed elementor-section-height-default elementor-section-items-middle\" data-id=\"14e73eb9\" data-element_type=\"section\" data-e-type=\"section\" data-settings=\"{&quot;background_background&quot;:&quot;classic&quot;,&quot;jet_parallax_layout_list&quot;:[]}\">\n\t\t\t\t\t\t<div class=\"elementor-container elementor-column-gap-wider\">\n\t\t\t\t\t<div class=\"elementor-column elementor-col-33 elementor-top-column elementor-element elementor-element-7f63b75e\" data-id=\"7f63b75e\" data-element_type=\"column\" data-e-type=\"column\">\n\t\t\t<div class=\"elementor-widget-wrap elementor-element-populated\">\n\t\t\t\t\t\t<div class=\"elementor-element elementor-element-3d861ffb elementor-widget__width-auto de_scroll_animation_no elementor-widget elementor-widget-de-breadcrumb\" data-id=\"3d861ffb\" data-element_type=\"widget\" data-e-type=\"widget\" data-widget_type=\"de-breadcrumb.default\">\n\t\t\t\t<div class=\"elementor-widget-container\">\n\t\t\t\t\t\t\t\t<div class=\"breadcrumbs\">\n\t\t\t\t<a href=\"https:\/\/ilbrunello.ch\/fr\/\" rel=\"nofollow\">Home<\/a>\t\t\t<\/div>\n\t\t\t\t\t\t<\/div>\n\t\t\t\t<\/div>\n\t\t\t\t<div class=\"elementor-element elementor-element-337902f3 elementor-widget__width-initial elementor-widget-mobile__width-inherit de_scroll_animation_no elementor-widget elementor-widget-heading\" data-id=\"337902f3\" data-element_type=\"widget\" data-e-type=\"widget\" data-widget_type=\"heading.default\">\n\t\t\t\t<div class=\"elementor-widget-container\">\n\t\t\t\t\t<h1 class=\"elementor-heading-title elementor-size-default\">La cuisine<\/h1>\t\t\t\t<\/div>\n\t\t\t\t<\/div>\n\t\t\t\t<div class=\"elementor-element elementor-element-31e5e117 elementor-widget__width-initial de_scroll_animation_no elementor-widget elementor-widget-text-editor\" data-id=\"31e5e117\" data-element_type=\"widget\" data-e-type=\"widget\" data-widget_type=\"text-editor.default\">\n\t\t\t\t<div class=\"elementor-widget-container\">\n\t\t\t\t\t\t\t\t\t<p>Une pizza croustillante cuite au feu de bois et richement garnie de vos ingr\u00e9dients pr\u00e9f\u00e9r\u00e9s ? Ou l&rsquo;un des diff\u00e9rents et savoureux menus du jour ? Une grappa de choix repr\u00e9sente-t-elle pour vous l&rsquo;aboutissement de tout plaisir ?<\/p>\n\t\t\t\t\t\t\t\t<\/div>\n\t\t\t\t<\/div>\n\t\t\t\t\t<\/div>\n\t\t<\/div>\n\t\t\t\t<div class=\"elementor-column elementor-col-33 elementor-top-column elementor-element elementor-element-4286abd3\" data-id=\"4286abd3\" data-element_type=\"column\" data-e-type=\"column\">\n\t\t\t<div class=\"elementor-widget-wrap\">\n\t\t\t\t\t\t\t<\/div>\n\t\t<\/div>\n\t\t\t\t<div class=\"elementor-column elementor-col-33 elementor-top-column elementor-element elementor-element-7144fbad\" data-id=\"7144fbad\" data-element_type=\"column\" data-e-type=\"column\">\n\t\t\t<div class=\"elementor-widget-wrap elementor-element-populated\">\n\t\t\t\t\t\t<div class=\"elementor-element elementor-element-100bd9 de_scroll_animation_no elementor-widget elementor-widget-image\" data-id=\"100bd9\" data-element_type=\"widget\" data-e-type=\"widget\" data-widget_type=\"image.default\">\n\t\t\t\t<div class=\"elementor-widget-container\">\n\t\t\t\t\t\t\t\t\t\t\t\t\t\t\t<img fetchpriority=\"high\" decoding=\"async\" width=\"800\" height=\"800\" src=\"https:\/\/ilbrunello.ch\/wp-content\/uploads\/2022\/09\/pizzeria-kehrsatz-belp-1024x1024.jpg\" class=\"attachment-large size-large wp-image-756\" alt=\"Pizzeria Kehrsatz Belp | il Brunello\" srcset=\"https:\/\/ilbrunello.ch\/wp-content\/uploads\/2022\/09\/pizzeria-kehrsatz-belp-1024x1024.jpg 1024w, https:\/\/ilbrunello.ch\/wp-content\/uploads\/2022\/09\/pizzeria-kehrsatz-belp-300x300.jpg 300w, https:\/\/ilbrunello.ch\/wp-content\/uploads\/2022\/09\/pizzeria-kehrsatz-belp-100x100.jpg 100w, https:\/\/ilbrunello.ch\/wp-content\/uploads\/2022\/09\/pizzeria-kehrsatz-belp-600x600.jpg 600w, https:\/\/ilbrunello.ch\/wp-content\/uploads\/2022\/09\/pizzeria-kehrsatz-belp-150x150.jpg 150w, https:\/\/ilbrunello.ch\/wp-content\/uploads\/2022\/09\/pizzeria-kehrsatz-belp-768x768.jpg 768w, https:\/\/ilbrunello.ch\/wp-content\/uploads\/2022\/09\/pizzeria-kehrsatz-belp.jpg 1200w\" sizes=\"(max-width: 800px) 100vw, 800px\" \/>\t\t\t\t\t\t\t\t\t\t\t\t\t\t\t<\/div>\n\t\t\t\t<\/div>\n\t\t\t\t\t<\/div>\n\t\t<\/div>\n\t\t\t\t\t<\/div>\n\t\t<\/section>\n\t\t\t\t<section class=\"elementor-section elementor-top-section elementor-element elementor-element-19316934 elementor-section-boxed elementor-section-height-default elementor-section-height-default\" data-id=\"19316934\" data-element_type=\"section\" data-e-type=\"section\" data-settings=\"{&quot;background_background&quot;:&quot;classic&quot;,&quot;jet_parallax_layout_list&quot;:[]}\">\n\t\t\t\t\t\t<div class=\"elementor-container elementor-column-gap-no\">\n\t\t\t\t\t<div class=\"elementor-column elementor-col-100 elementor-top-column elementor-element elementor-element-699814d4\" data-id=\"699814d4\" data-element_type=\"column\" data-e-type=\"column\">\n\t\t\t<div class=\"elementor-widget-wrap elementor-element-populated\">\n\t\t\t\t\t\t<section class=\"elementor-section elementor-inner-section elementor-element elementor-element-64295e11 elementor-section-boxed elementor-section-height-default elementor-section-height-default\" data-id=\"64295e11\" data-element_type=\"section\" data-e-type=\"section\" data-settings=\"{&quot;jet_parallax_layout_list&quot;:[]}\">\n\t\t\t\t\t\t<div class=\"elementor-container elementor-column-gap-wider\">\n\t\t\t\t\t<div class=\"elementor-column elementor-col-100 elementor-inner-column elementor-element elementor-element-483f4265\" data-id=\"483f4265\" data-element_type=\"column\" data-e-type=\"column\">\n\t\t\t<div class=\"elementor-widget-wrap elementor-element-populated\">\n\t\t\t\t\t\t<div class=\"elementor-element elementor-element-77020cf3 elementor-widget__width-initial de_scroll_animation_no elementor-widget elementor-widget-image\" data-id=\"77020cf3\" data-element_type=\"widget\" data-e-type=\"widget\" data-widget_type=\"image.default\">\n\t\t\t\t<div class=\"elementor-widget-container\">\n\t\t\t\t\t\t\t\t\t\t\t\t\t\t\t<img decoding=\"async\" width=\"800\" height=\"206\" src=\"https:\/\/ilbrunello.ch\/wp-content\/uploads\/2021\/09\/3-AZEEWYH.png\" class=\"attachment-large size-large wp-image-394\" alt=\"\" srcset=\"https:\/\/ilbrunello.ch\/wp-content\/uploads\/2021\/09\/3-AZEEWYH.png 1000w, https:\/\/ilbrunello.ch\/wp-content\/uploads\/2021\/09\/3-AZEEWYH-600x154.png 600w, https:\/\/ilbrunello.ch\/wp-content\/uploads\/2021\/09\/3-AZEEWYH-300x77.png 300w, https:\/\/ilbrunello.ch\/wp-content\/uploads\/2021\/09\/3-AZEEWYH-768x197.png 768w\" sizes=\"(max-width: 800px) 100vw, 800px\" \/>\t\t\t\t\t\t\t\t\t\t\t\t\t\t\t<\/div>\n\t\t\t\t<\/div>\n\t\t\t\t<div class=\"elementor-element elementor-element-6dff9710 elementor-widget__width-inherit de_scroll_animation_no elementor-widget elementor-widget-heading\" data-id=\"6dff9710\" data-element_type=\"widget\" data-e-type=\"widget\" data-widget_type=\"heading.default\">\n\t\t\t\t<div class=\"elementor-widget-container\">\n\t\t\t\t\t<div class=\"elementor-heading-title elementor-size-default\">CUCINA<\/div>\t\t\t\t<\/div>\n\t\t\t\t<\/div>\n\t\t\t\t<div class=\"elementor-element elementor-element-69fd30a5 elementor-widget__width-inherit de_scroll_animation_no elementor-widget elementor-widget-heading\" data-id=\"69fd30a5\" data-element_type=\"widget\" data-e-type=\"widget\" data-widget_type=\"heading.default\">\n\t\t\t\t<div class=\"elementor-widget-container\">\n\t\t\t\t\t<h2 class=\"elementor-heading-title elementor-size-default\">Des plats d\u00e9licieux \"con amore<\/h2>\t\t\t\t<\/div>\n\t\t\t\t<\/div>\n\t\t\t\t\t<\/div>\n\t\t<\/div>\n\t\t\t\t\t<\/div>\n\t\t<\/section>\n\t\t\t\t<section class=\"elementor-section elementor-inner-section elementor-element elementor-element-4e9f9246 elementor-section-boxed elementor-section-height-default elementor-section-height-default\" data-id=\"4e9f9246\" data-element_type=\"section\" data-e-type=\"section\" data-settings=\"{&quot;jet_parallax_layout_list&quot;:[]}\">\n\t\t\t\t\t\t<div class=\"elementor-container elementor-column-gap-wider\">\n\t\t\t\t\t<div class=\"elementor-column elementor-col-100 elementor-inner-column elementor-element elementor-element-213ea809\" data-id=\"213ea809\" data-element_type=\"column\" data-e-type=\"column\">\n\t\t\t<div class=\"elementor-widget-wrap elementor-element-populated\">\n\t\t\t\t\t\t<div class=\"elementor-element elementor-element-78085d05 elementor-widget__width-inherit elementor-widget-mobile__width-initial de_scroll_animation_no elementor-widget elementor-widget-spacer\" data-id=\"78085d05\" data-element_type=\"widget\" data-e-type=\"widget\" data-widget_type=\"spacer.default\">\n\t\t\t\t<div class=\"elementor-widget-container\">\n\t\t\t\t\t\t\t<div class=\"elementor-spacer\">\n\t\t\t<div class=\"elementor-spacer-inner\"><\/div>\n\t\t<\/div>\n\t\t\t\t\t\t<\/div>\n\t\t\t\t<\/div>\n\t\t\t\t<div class=\"elementor-element elementor-element-6628ba79 elementor-widget__width-initial de_scroll_animation_no elementor-widget elementor-widget-spacer\" data-id=\"6628ba79\" data-element_type=\"widget\" data-e-type=\"widget\" data-widget_type=\"spacer.default\">\n\t\t\t\t<div class=\"elementor-widget-container\">\n\t\t\t\t\t\t\t<div class=\"elementor-spacer\">\n\t\t\t<div class=\"elementor-spacer-inner\"><\/div>\n\t\t<\/div>\n\t\t\t\t\t\t<\/div>\n\t\t\t\t<\/div>\n\t\t\t\t\t<\/div>\n\t\t<\/div>\n\t\t\t\t\t<\/div>\n\t\t<\/section>\n\t\t\t\t<section class=\"elementor-section elementor-inner-section elementor-element elementor-element-2f2ad3b6 elementor-section-boxed elementor-section-height-default elementor-section-height-default\" data-id=\"2f2ad3b6\" data-element_type=\"section\" data-e-type=\"section\" data-settings=\"{&quot;jet_parallax_layout_list&quot;:[]}\">\n\t\t\t\t\t\t<div class=\"elementor-container elementor-column-gap-wider\">\n\t\t\t\t\t<div class=\"elementor-column elementor-col-100 elementor-inner-column elementor-element elementor-element-4293c5f\" data-id=\"4293c5f\" data-element_type=\"column\" data-e-type=\"column\">\n\t\t\t<div class=\"elementor-widget-wrap elementor-element-populated\">\n\t\t\t\t\t\t<div class=\"elementor-element elementor-element-62c5eb1b elementor-widget__width-initial de_scroll_animation_no elementor-widget elementor-widget-image\" data-id=\"62c5eb1b\" data-element_type=\"widget\" data-e-type=\"widget\" data-widget_type=\"image.default\">\n\t\t\t\t<div class=\"elementor-widget-container\">\n\t\t\t\t\t\t\t\t\t\t\t\t\t\t\t<img decoding=\"async\" width=\"800\" height=\"373\" src=\"https:\/\/ilbrunello.ch\/wp-content\/uploads\/2021\/09\/1-AZEEWYH.png\" class=\"attachment-large size-large wp-image-466\" alt=\"\" srcset=\"https:\/\/ilbrunello.ch\/wp-content\/uploads\/2021\/09\/1-AZEEWYH.png 1000w, https:\/\/ilbrunello.ch\/wp-content\/uploads\/2021\/09\/1-AZEEWYH-600x280.png 600w, https:\/\/ilbrunello.ch\/wp-content\/uploads\/2021\/09\/1-AZEEWYH-300x140.png 300w, https:\/\/ilbrunello.ch\/wp-content\/uploads\/2021\/09\/1-AZEEWYH-768x358.png 768w\" sizes=\"(max-width: 800px) 100vw, 800px\" \/>\t\t\t\t\t\t\t\t\t\t\t\t\t\t\t<\/div>\n\t\t\t\t<\/div>\n\t\t\t\t<div class=\"elementor-element elementor-element-2e0f0253 de_scroll_animation_no elementor-widget elementor-widget-heading\" data-id=\"2e0f0253\" data-element_type=\"widget\" data-e-type=\"widget\" data-widget_type=\"heading.default\">\n\t\t\t\t<div class=\"elementor-widget-container\">\n\t\t\t\t\t<h3 class=\"elementor-heading-title elementor-size-default\">S\u00e9journer et savourer<\/h3>\t\t\t\t<\/div>\n\t\t\t\t<\/div>\n\t\t\t\t<div class=\"elementor-element elementor-element-6d5f943d de_scroll_animation_no elementor-widget elementor-widget-text-editor\" data-id=\"6d5f943d\" data-element_type=\"widget\" data-e-type=\"widget\" data-widget_type=\"text-editor.default\">\n\t\t\t\t<div class=\"elementor-widget-container\">\n\t\t\t\t\t\t\t\t\t<p>Inspir\u00e9 par la riche tradition de la cuisine italienne, le \u00ab\u00a0Ristorante Il Brunello\u00a0\u00bb vous propose une grande vari\u00e9t\u00e9 de plats typiques du pays, des antipasti \u00e0 la zuppa. Le chef les pr\u00e9pare avec des ingr\u00e9dients frais et de saison.<br \/>Une bonne louche d'\u00a0\u00bbAmore\u00a0\u00bb fait partie de chaque menu du jour ainsi que des nombreux plats \u00ab\u00a0\u00e0 la carte\u00a0\u00bb que vous pouvez commander \u00e0 midi et le soir.<\/p>\n<p>Les pizzas que le pizzaiolo cuit traditionnellement au four \u00e0 bois sont une tentation croustillante. C&rsquo;est vous qui d\u00e9cidez de la garniture de la p\u00e2te : de quels ingr\u00e9dients classiques ou exotiques avez-vous envie ? Parce que manger une pizza \u00e0 la maison, entre ses quatre murs, est parfois aussi un plaisir, les variations de pizzas sont bien entendu disponibles \u00ab\u00a0au-dessus de la rue\u00a0\u00bb.<\/p>\n\t\t\t\t\t\t\t\t<\/div>\n\t\t\t\t<\/div>\n\t\t\t\t\t<\/div>\n\t\t<\/div>\n\t\t\t\t\t<\/div>\n\t\t<\/section>\n\t\t\t\t\t<\/div>\n\t\t<\/div>\n\t\t\t\t\t<\/div>\n\t\t<\/section>\n\t\t\t\t<section class=\"elementor-section elementor-top-section elementor-element elementor-element-545e31ac elementor-section-boxed elementor-section-height-default elementor-section-height-default\" data-id=\"545e31ac\" data-element_type=\"section\" data-e-type=\"section\" data-settings=\"{&quot;jet_parallax_layout_list&quot;:[]}\">\n\t\t\t\t\t\t<div class=\"elementor-container elementor-column-gap-wider\">\n\t\t\t\t\t<div class=\"elementor-column elementor-col-33 elementor-top-column elementor-element elementor-element-7a43bbd6\" data-id=\"7a43bbd6\" data-element_type=\"column\" data-e-type=\"column\">\n\t\t\t<div class=\"elementor-widget-wrap elementor-element-populated\">\n\t\t\t\t\t\t<div class=\"elementor-element elementor-element-4455bbf1 de_scroll_animation_no elementor-widget elementor-widget-image\" data-id=\"4455bbf1\" data-element_type=\"widget\" data-e-type=\"widget\" data-widget_type=\"image.default\">\n\t\t\t\t<div class=\"elementor-widget-container\">\n\t\t\t\t\t\t\t\t\t\t\t\t\t\t\t<img loading=\"lazy\" decoding=\"async\" width=\"845\" height=\"930\" src=\"https:\/\/ilbrunello.ch\/wp-content\/uploads\/2023\/12\/71524932_185316715834299_4744046963544854192_n.jpg\" class=\"attachment-full size-full wp-image-1204\" alt=\"\" srcset=\"https:\/\/ilbrunello.ch\/wp-content\/uploads\/2023\/12\/71524932_185316715834299_4744046963544854192_n.jpg 845w, https:\/\/ilbrunello.ch\/wp-content\/uploads\/2023\/12\/71524932_185316715834299_4744046963544854192_n-273x300.jpg 273w, https:\/\/ilbrunello.ch\/wp-content\/uploads\/2023\/12\/71524932_185316715834299_4744046963544854192_n-768x845.jpg 768w\" sizes=\"(max-width: 845px) 100vw, 845px\" \/>\t\t\t\t\t\t\t\t\t\t\t\t\t\t\t<\/div>\n\t\t\t\t<\/div>\n\t\t\t\t\t<\/div>\n\t\t<\/div>\n\t\t\t\t<div class=\"elementor-column elementor-col-33 elementor-top-column elementor-element elementor-element-206cf71f\" data-id=\"206cf71f\" data-element_type=\"column\" data-e-type=\"column\">\n\t\t\t<div class=\"elementor-widget-wrap\">\n\t\t\t\t\t\t\t<\/div>\n\t\t<\/div>\n\t\t\t\t<div class=\"elementor-column elementor-col-33 elementor-top-column elementor-element elementor-element-7e221ef7\" data-id=\"7e221ef7\" data-element_type=\"column\" data-e-type=\"column\">\n\t\t\t<div class=\"elementor-widget-wrap elementor-element-populated\">\n\t\t\t\t\t\t<div class=\"elementor-element elementor-element-21c852d0 elementor-widget__width-initial de_scroll_animation_no elementor-widget elementor-widget-image\" data-id=\"21c852d0\" data-element_type=\"widget\" data-e-type=\"widget\" data-widget_type=\"image.default\">\n\t\t\t\t<div class=\"elementor-widget-container\">\n\t\t\t\t\t\t\t\t\t\t\t\t\t\t\t<img decoding=\"async\" width=\"800\" height=\"206\" src=\"https:\/\/ilbrunello.ch\/wp-content\/uploads\/2021\/09\/3-AZEEWYH.png\" class=\"attachment-large size-large wp-image-394\" alt=\"\" srcset=\"https:\/\/ilbrunello.ch\/wp-content\/uploads\/2021\/09\/3-AZEEWYH.png 1000w, https:\/\/ilbrunello.ch\/wp-content\/uploads\/2021\/09\/3-AZEEWYH-600x154.png 600w, https:\/\/ilbrunello.ch\/wp-content\/uploads\/2021\/09\/3-AZEEWYH-300x77.png 300w, https:\/\/ilbrunello.ch\/wp-content\/uploads\/2021\/09\/3-AZEEWYH-768x197.png 768w\" sizes=\"(max-width: 800px) 100vw, 800px\" \/>\t\t\t\t\t\t\t\t\t\t\t\t\t\t\t<\/div>\n\t\t\t\t<\/div>\n\t\t\t\t<div class=\"elementor-element elementor-element-552c9026 de_scroll_animation_no elementor-widget elementor-widget-heading\" data-id=\"552c9026\" data-element_type=\"widget\" data-e-type=\"widget\" data-widget_type=\"heading.default\">\n\t\t\t\t<div class=\"elementor-widget-container\">\n\t\t\t\t\t<div class=\"elementor-heading-title elementor-size-default\">Frais &amp; fin<\/div>\t\t\t\t<\/div>\n\t\t\t\t<\/div>\n\t\t\t\t<div class=\"elementor-element elementor-element-49088e26 de_scroll_animation_no elementor-widget elementor-widget-heading\" data-id=\"49088e26\" data-element_type=\"widget\" data-e-type=\"widget\" data-widget_type=\"heading.default\">\n\t\t\t\t<div class=\"elementor-widget-container\">\n\t\t\t\t\t<h2 class=\"elementor-heading-title elementor-size-default\">rICHTIF ITALIEN<\/h2>\t\t\t\t<\/div>\n\t\t\t\t<\/div>\n\t\t\t\t\t<\/div>\n\t\t<\/div>\n\t\t\t\t\t<\/div>\n\t\t<\/section>\n\t\t\t\t<\/div>\n\t\t","protected":false},"excerpt":{"rendered":"<p>Home La cuisine Une pizza croustillante cuite au feu de bois et richement garnie de vos ingr\u00e9dients pr\u00e9f\u00e9r\u00e9s ? Ou l&rsquo;un des diff\u00e9rents et savoureux menus du jour ? Une grappa de choix repr\u00e9sente-t-elle pour vous l&rsquo;aboutissement de tout plaisir ? CUCINA Des plats d\u00e9licieux \u00ab\u00a0con amore S\u00e9journer et savourer Inspir\u00e9 par la riche tradition [&hellip;]<\/p>\n","protected":false},"author":1,"featured_media":0,"parent":0,"menu_order":0,"comment_status":"closed","ping_status":"closed","template":"elementor_theme","meta":{"footnotes":""},"class_list":["post-1280","page","type-page","status-publish","hentry"],"yoast_head":"<!-- This site is optimized with the Yoast SEO plugin v27.2 - https:\/\/yoast.com\/product\/yoast-seo-wordpress\/ -->\n<title>La cuisine - Il Brunello | Italienisches Restaurant | Kehrsatz | Bern<\/title>\n<meta name=\"robots\" content=\"index, follow, max-snippet:-1, max-image-preview:large, max-video-preview:-1\" \/>\n<link rel=\"canonical\" href=\"https:\/\/ilbrunello.ch\/fr\/la-cuisine\/\" \/>\n<meta property=\"og:locale\" content=\"fr_FR\" \/>\n<meta property=\"og:type\" content=\"article\" \/>\n<meta property=\"og:title\" content=\"La cuisine - Il Brunello | Italienisches Restaurant | Kehrsatz | Bern\" \/>\n<meta property=\"og:description\" content=\"Home La cuisine Une pizza croustillante cuite au feu de bois et richement garnie de vos ingr\u00e9dients pr\u00e9f\u00e9r\u00e9s ? Ou l&rsquo;un des diff\u00e9rents et savoureux menus du jour ? Une grappa de choix repr\u00e9sente-t-elle pour vous l&rsquo;aboutissement de tout plaisir ? CUCINA Des plats d\u00e9licieux \u00ab\u00a0con amore S\u00e9journer et savourer Inspir\u00e9 par la riche tradition [&hellip;]\" \/>\n<meta property=\"og:url\" content=\"https:\/\/ilbrunello.ch\/fr\/la-cuisine\/\" \/>\n<meta property=\"og:site_name\" content=\"Il Brunello | Italienisches Restaurant | Kehrsatz | Bern\" \/>\n<meta property=\"article:modified_time\" content=\"2023-12-14T20:01:44+00:00\" \/>\n<meta property=\"og:image\" content=\"https:\/\/ilbrunello.ch\/wp-content\/uploads\/2022\/09\/pizzeria-kehrsatz-belp-1024x1024.jpg\" \/>\n<meta name=\"twitter:card\" content=\"summary_large_image\" \/>\n<meta name=\"twitter:label1\" content=\"Dur\u00e9e de lecture estim\u00e9e\" \/>\n\t<meta name=\"twitter:data1\" content=\"1 minute\" \/>\n<script type=\"application\/ld+json\" class=\"yoast-schema-graph\">{\"@context\":\"https:\/\/schema.org\",\"@graph\":[{\"@type\":\"WebPage\",\"@id\":\"https:\/\/ilbrunello.ch\/fr\/la-cuisine\/\",\"url\":\"https:\/\/ilbrunello.ch\/fr\/la-cuisine\/\",\"name\":\"La cuisine - Il Brunello | Italienisches Restaurant | Kehrsatz | Bern\",\"isPartOf\":{\"@id\":\"https:\/\/ilbrunello.ch\/fr\/#website\"},\"primaryImageOfPage\":{\"@id\":\"https:\/\/ilbrunello.ch\/fr\/la-cuisine\/#primaryimage\"},\"image\":{\"@id\":\"https:\/\/ilbrunello.ch\/fr\/la-cuisine\/#primaryimage\"},\"thumbnailUrl\":\"https:\/\/ilbrunello.ch\/wp-content\/uploads\/2022\/09\/pizzeria-kehrsatz-belp-1024x1024.jpg\",\"datePublished\":\"2023-12-14T15:22:34+00:00\",\"dateModified\":\"2023-12-14T20:01:44+00:00\",\"breadcrumb\":{\"@id\":\"https:\/\/ilbrunello.ch\/fr\/la-cuisine\/#breadcrumb\"},\"inLanguage\":\"fr-FR\",\"potentialAction\":[{\"@type\":\"ReadAction\",\"target\":[\"https:\/\/ilbrunello.ch\/fr\/la-cuisine\/\"]}]},{\"@type\":\"ImageObject\",\"inLanguage\":\"fr-FR\",\"@id\":\"https:\/\/ilbrunello.ch\/fr\/la-cuisine\/#primaryimage\",\"url\":\"https:\/\/ilbrunello.ch\/wp-content\/uploads\/2022\/09\/pizzeria-kehrsatz-belp-1024x1024.jpg\",\"contentUrl\":\"https:\/\/ilbrunello.ch\/wp-content\/uploads\/2022\/09\/pizzeria-kehrsatz-belp-1024x1024.jpg\"},{\"@type\":\"BreadcrumbList\",\"@id\":\"https:\/\/ilbrunello.ch\/fr\/la-cuisine\/#breadcrumb\",\"itemListElement\":[{\"@type\":\"ListItem\",\"position\":1,\"name\":\"Startseite\",\"item\":\"https:\/\/ilbrunello.ch\/fr\/accueil\/\"},{\"@type\":\"ListItem\",\"position\":2,\"name\":\"La cuisine\"}]},{\"@type\":\"WebSite\",\"@id\":\"https:\/\/ilbrunello.ch\/fr\/#website\",\"url\":\"https:\/\/ilbrunello.ch\/fr\/\",\"name\":\"Il Brunello | Italienisches Restaurant | Kehrsatz | Bern\",\"description\":\"Eine weitere Webtrics Solutions Website\",\"potentialAction\":[{\"@type\":\"SearchAction\",\"target\":{\"@type\":\"EntryPoint\",\"urlTemplate\":\"https:\/\/ilbrunello.ch\/fr\/?s={search_term_string}\"},\"query-input\":{\"@type\":\"PropertyValueSpecification\",\"valueRequired\":true,\"valueName\":\"search_term_string\"}}],\"inLanguage\":\"fr-FR\"}]}<\/script>\n<!-- \/ Yoast SEO plugin. -->","yoast_head_json":{"title":"La cuisine - Il Brunello | Italienisches Restaurant | Kehrsatz | Bern","robots":{"index":"index","follow":"follow","max-snippet":"max-snippet:-1","max-image-preview":"max-image-preview:large","max-video-preview":"max-video-preview:-1"},"canonical":"https:\/\/ilbrunello.ch\/fr\/la-cuisine\/","og_locale":"fr_FR","og_type":"article","og_title":"La cuisine - Il Brunello | Italienisches Restaurant | Kehrsatz | Bern","og_description":"Home La cuisine Une pizza croustillante cuite au feu de bois et richement garnie de vos ingr\u00e9dients pr\u00e9f\u00e9r\u00e9s ? Ou l&rsquo;un des diff\u00e9rents et savoureux menus du jour ? Une grappa de choix repr\u00e9sente-t-elle pour vous l&rsquo;aboutissement de tout plaisir ? CUCINA Des plats d\u00e9licieux \u00ab\u00a0con amore S\u00e9journer et savourer Inspir\u00e9 par la riche tradition [&hellip;]","og_url":"https:\/\/ilbrunello.ch\/fr\/la-cuisine\/","og_site_name":"Il Brunello | Italienisches Restaurant | Kehrsatz | Bern","article_modified_time":"2023-12-14T20:01:44+00:00","og_image":[{"url":"https:\/\/ilbrunello.ch\/wp-content\/uploads\/2022\/09\/pizzeria-kehrsatz-belp-1024x1024.jpg","type":"","width":"","height":""}],"twitter_card":"summary_large_image","twitter_misc":{"Dur\u00e9e de lecture estim\u00e9e":"1 minute"},"schema":{"@context":"https:\/\/schema.org","@graph":[{"@type":"WebPage","@id":"https:\/\/ilbrunello.ch\/fr\/la-cuisine\/","url":"https:\/\/ilbrunello.ch\/fr\/la-cuisine\/","name":"La cuisine - Il Brunello | Italienisches Restaurant | Kehrsatz | Bern","isPartOf":{"@id":"https:\/\/ilbrunello.ch\/fr\/#website"},"primaryImageOfPage":{"@id":"https:\/\/ilbrunello.ch\/fr\/la-cuisine\/#primaryimage"},"image":{"@id":"https:\/\/ilbrunello.ch\/fr\/la-cuisine\/#primaryimage"},"thumbnailUrl":"https:\/\/ilbrunello.ch\/wp-content\/uploads\/2022\/09\/pizzeria-kehrsatz-belp-1024x1024.jpg","datePublished":"2023-12-14T15:22:34+00:00","dateModified":"2023-12-14T20:01:44+00:00","breadcrumb":{"@id":"https:\/\/ilbrunello.ch\/fr\/la-cuisine\/#breadcrumb"},"inLanguage":"fr-FR","potentialAction":[{"@type":"ReadAction","target":["https:\/\/ilbrunello.ch\/fr\/la-cuisine\/"]}]},{"@type":"ImageObject","inLanguage":"fr-FR","@id":"https:\/\/ilbrunello.ch\/fr\/la-cuisine\/#primaryimage","url":"https:\/\/ilbrunello.ch\/wp-content\/uploads\/2022\/09\/pizzeria-kehrsatz-belp-1024x1024.jpg","contentUrl":"https:\/\/ilbrunello.ch\/wp-content\/uploads\/2022\/09\/pizzeria-kehrsatz-belp-1024x1024.jpg"},{"@type":"BreadcrumbList","@id":"https:\/\/ilbrunello.ch\/fr\/la-cuisine\/#breadcrumb","itemListElement":[{"@type":"ListItem","position":1,"name":"Startseite","item":"https:\/\/ilbrunello.ch\/fr\/accueil\/"},{"@type":"ListItem","position":2,"name":"La cuisine"}]},{"@type":"WebSite","@id":"https:\/\/ilbrunello.ch\/fr\/#website","url":"https:\/\/ilbrunello.ch\/fr\/","name":"Il Brunello | Italienisches Restaurant | Kehrsatz | Bern","description":"Eine weitere Webtrics Solutions Website","potentialAction":[{"@type":"SearchAction","target":{"@type":"EntryPoint","urlTemplate":"https:\/\/ilbrunello.ch\/fr\/?s={search_term_string}"},"query-input":{"@type":"PropertyValueSpecification","valueRequired":true,"valueName":"search_term_string"}}],"inLanguage":"fr-FR"}]}},"_links":{"self":[{"href":"https:\/\/ilbrunello.ch\/fr\/wp-json\/wp\/v2\/pages\/1280","targetHints":{"allow":["GET"]}}],"collection":[{"href":"https:\/\/ilbrunello.ch\/fr\/wp-json\/wp\/v2\/pages"}],"about":[{"href":"https:\/\/ilbrunello.ch\/fr\/wp-json\/wp\/v2\/types\/page"}],"author":[{"embeddable":true,"href":"https:\/\/ilbrunello.ch\/fr\/wp-json\/wp\/v2\/users\/1"}],"replies":[{"embeddable":true,"href":"https:\/\/ilbrunello.ch\/fr\/wp-json\/wp\/v2\/comments?post=1280"}],"version-history":[{"count":2,"href":"https:\/\/ilbrunello.ch\/fr\/wp-json\/wp\/v2\/pages\/1280\/revisions"}],"predecessor-version":[{"id":1439,"href":"https:\/\/ilbrunello.ch\/fr\/wp-json\/wp\/v2\/pages\/1280\/revisions\/1439"}],"wp:attachment":[{"href":"https:\/\/ilbrunello.ch\/fr\/wp-json\/wp\/v2\/media?parent=1280"}],"curies":[{"name":"wp","href":"https:\/\/api.w.org\/{rel}","templated":true}]}}